{"id":17,"date":"2018-04-30T06:06:03","date_gmt":"2018-04-30T06:06:03","guid":{"rendered":"http:\/\/pbcw.org.np\/new\/?page_id=17"},"modified":"2018-05-09T05:09:01","modified_gmt":"2018-05-09T05:09:01","slug":"accueil","status":"publish","type":"page","link":"https:\/\/pbcw.org.np\/index.php\/fr\/accueil\/","title":{"rendered":"Accueil"},"content":{"rendered":"<div id=\"pl-17\"  class=\"panel-layout\" ><div id=\"pg-17-0\"  class=\"panel-grid panel-has-style\" ><div class=\"siteorigin-panels-stretch panel-row-style panel-row-style-for-17-0\" data-stretch-type=\"full-stretched\" ><div id=\"pgc-17-0-0\"  class=\"panel-grid-cell\" ><div id=\"panel-17-0-0-0\" class=\"so-panel widget widget_siteorigin-panels-builder panel-first-child panel-last-child\" data-index=\"0\" ><div id=\"pl-w5aee7024b17c5\"  class=\"panel-layout\" ><div id=\"pg-w5aee7024b17c5-0\"  class=\"panel-grid panel-no-style\" ><div id=\"pgc-w5aee7024b17c5-0-0\"  class=\"panel-grid-cell\" ><div id=\"panel-w5aee7024b17c5-0-0-0\" class=\"so-panel widget widget_sow-image panel-first-child panel-last-child\" data-index=\"0\" ><div class=\"panel-widget-style panel-widget-style-for-w5aee7024b17c5-0-0-0\" ><div\n\t\t\t\n\t\t\tclass=\"so-widget-sow-image so-widget-sow-image-default-113ccd71f3e6\"\n\t\t\t\n\t\t>\n<div class=\"sow-image-container\">\n\t\t\t<a href=\"https:\/\/pbcw.org.np\/index.php\/fr\/planning-futur\/\"\n\t\t\t\t\t>\n\t\t\t<img \n\tsrc=\"https:\/\/pbcw.org.np\/wp-content\/uploads\/2018\/05\/future_planning.png\" width=\"126\" height=\"126\" sizes=\"(max-width: 126px) 100vw, 126px\" title=\"Planning Futur\" alt=\"\" \t\tclass=\"so-widget-image\"\/>\n\t\t\t<\/a><\/div>\n\n<h3 class=\"widget-title\">Planning Futur<\/h3><\/div><\/div><\/div><\/div><div id=\"pgc-w5aee7024b17c5-0-1\"  class=\"panel-grid-cell\" ><div id=\"panel-w5aee7024b17c5-0-1-0\" class=\"so-panel widget widget_sow-image panel-first-child panel-last-child\" data-index=\"1\" ><div class=\"panel-widget-style panel-widget-style-for-w5aee7024b17c5-0-1-0\" ><div\n\t\t\t\n\t\t\tclass=\"so-widget-sow-image so-widget-sow-image-default-113ccd71f3e6\"\n\t\t\t\n\t\t>\n<div class=\"sow-image-container\">\n\t\t\t<a href=\"\"\n\t\t\t\t\t>\n\t\t\t<img \n\tsrc=\"https:\/\/pbcw.org.np\/wp-content\/uploads\/2018\/05\/meet_the_children.png\" width=\"126\" height=\"126\" sizes=\"(max-width: 126px) 100vw, 126px\" title=\"Rencontrez l&#039;enfance\" alt=\"\" \t\tclass=\"so-widget-image\"\/>\n\t\t\t<\/a><\/div>\n\n<h3 class=\"widget-title\">Rencontrez l'enfance<\/h3><\/div><\/div><\/div><\/div><div id=\"pgc-w5aee7024b17c5-0-2\"  class=\"panel-grid-cell\" ><div id=\"panel-w5aee7024b17c5-0-2-0\" class=\"so-panel widget widget_sow-image panel-first-child panel-last-child\" data-index=\"2\" ><div class=\"panel-widget-style panel-widget-style-for-w5aee7024b17c5-0-2-0\" ><div\n\t\t\t\n\t\t\tclass=\"so-widget-sow-image so-widget-sow-image-default-113ccd71f3e6\"\n\t\t\t\n\t\t>\n<div class=\"sow-image-container\">\n\t\t\t<a href=\"https:\/\/pbcw.org.np\/index.php\/fr\/comment-nous-aider\/\"\n\t\t\t\t\t>\n\t\t\t<img \n\tsrc=\"https:\/\/pbcw.org.np\/wp-content\/uploads\/2018\/05\/you_can_Help_Us.png\" width=\"126\" height=\"126\" sizes=\"(max-width: 126px) 100vw, 126px\" title=\"Comment nous aider\" alt=\"\" \t\tclass=\"so-widget-image\"\/>\n\t\t\t<\/a><\/div>\n\n<h3 class=\"widget-title\">Comment nous aider<\/h3><\/div><\/div><\/div><\/div><div id=\"pgc-w5aee7024b17c5-0-3\"  class=\"panel-grid-cell\" ><div id=\"panel-w5aee7024b17c5-0-3-0\" class=\"so-panel widget widget_sow-image panel-first-child panel-last-child\" data-index=\"3\" ><div class=\"panel-widget-style panel-widget-style-for-w5aee7024b17c5-0-3-0\" ><div\n\t\t\t\n\t\t\tclass=\"so-widget-sow-image so-widget-sow-image-default-113ccd71f3e6\"\n\t\t\t\n\t\t>\n<div class=\"sow-image-container\">\n\t\t\t<a href=\"https:\/\/pbcw.org.np\/index.php\/fr\/pourquoi-soutenir\/\"\n\t\t\t\t\t>\n\t\t\t<img \n\tsrc=\"https:\/\/pbcw.org.np\/wp-content\/uploads\/2018\/05\/need_your_support.png\" width=\"126\" height=\"126\" sizes=\"(max-width: 126px) 100vw, 126px\" title=\"Pourquoi soutenir?\" alt=\"\" \t\tclass=\"so-widget-image\"\/>\n\t\t\t<\/a><\/div>\n\n<h3 class=\"widget-title\">Pourquoi soutenir?<\/h3><\/div><\/div><\/div><\/div><\/div><\/div><\/div><\/div><\/div><\/div><div id=\"pg-17-1\"  class=\"panel-grid panel-no-style\" ><div id=\"pgc-17-1-0\"  class=\"panel-grid-cell\" ><div id=\"panel-17-1-0-0\" class=\"so-panel widget widget_siteorigin-panels-builder panel-first-child panel-last-child\" data-index=\"1\" ><div id=\"pl-w5af0355e867fa\"  class=\"panel-layout\" ><div id=\"pg-w5af0355e867fa-0\"  class=\"panel-grid panel-no-style\" ><div id=\"pgc-w5af0355e867fa-0-0\"  class=\"panel-grid-cell\" ><div id=\"panel-w5af0355e867fa-0-0-0\" class=\"so-panel widget widget_sow-image panel-first-child panel-last-child\" data-index=\"0\" ><div\n\t\t\t\n\t\t\tclass=\"so-widget-sow-image so-widget-sow-image-default-8b5b6f678277\"\n\t\t\t\n\t\t>\n<div class=\"sow-image-container\">\n\t\t<img \n\tsrc=\"https:\/\/pbcw.org.np\/wp-content\/uploads\/2018\/05\/PBCW-1.jpg\" width=\"800\" height=\"699\" srcset=\"https:\/\/pbcw.org.np\/wp-content\/uploads\/2018\/05\/PBCW-1.jpg 800w, https:\/\/pbcw.org.np\/wp-content\/uploads\/2018\/05\/PBCW-1-300x262.jpg 300w, https:\/\/pbcw.org.np\/wp-content\/uploads\/2018\/05\/PBCW-1-768x671.jpg 768w\" sizes=\"(max-width: 800px) 100vw, 800px\" title=\"PBCW\" alt=\"\" \t\tclass=\"so-widget-image\"\/>\n\t<\/div>\n\n<\/div><\/div><\/div><div id=\"pgc-w5af0355e867fa-0-1\"  class=\"panel-grid-cell\" ><div id=\"panel-w5af0355e867fa-0-1-0\" class=\"so-panel widget widget_black-studio-tinymce widget_black_studio_tinymce panel-first-child panel-last-child\" data-index=\"1\" ><div class=\"panel-widget-style panel-widget-style-for-w5af0355e867fa-0-1-0\" ><div class=\"textwidget\"><p><span style=\"font-size: 14pt;\"><strong>Programme de parrainage<\/strong><\/span><\/p>\n<p><span style=\"font-size: 14pt;\"><strong>Demande sp\u00e9ciale!<\/strong><\/span><\/p>\n<p>Le soutien que nous ont apport\u00e9 nos donateurs et commanditaires a d\u00e9pass\u00e9 nos esp\u00e9rances. C'est l\u00e0 une chose appr\u00e9ciable et tr\u00e8s appr\u00e9ci\u00e9e.<\/p>\n<p style=\"font-size: 18pt;\">\n<\/div><\/div><\/div><\/div><div id=\"pgc-w5af0355e867fa-0-2\"  class=\"panel-grid-cell panel-grid-cell-mobile-last\" ><div id=\"panel-w5af0355e867fa-0-2-0\" class=\"so-panel widget widget_sow-image panel-first-child panel-last-child\" data-index=\"2\" ><div\n\t\t\t\n\t\t\tclass=\"so-widget-sow-image so-widget-sow-image-default-8b5b6f678277\"\n\t\t\t\n\t\t>\n<div class=\"sow-image-container\">\n\t\t<img \n\tsrc=\"https:\/\/pbcw.org.np\/wp-content\/uploads\/2018\/05\/IMG_5249-1.jpg\" width=\"600\" height=\"942\" srcset=\"https:\/\/pbcw.org.np\/wp-content\/uploads\/2018\/05\/IMG_5249-1.jpg 600w, https:\/\/pbcw.org.np\/wp-content\/uploads\/2018\/05\/IMG_5249-1-191x300.jpg 191w\" sizes=\"(max-width: 600px) 100vw, 600px\" title=\"IMG_5249\" alt=\"\" \t\tclass=\"so-widget-image\"\/>\n\t<\/div>\n\n<\/div><\/div><\/div><div id=\"pgc-w5af0355e867fa-0-3\"  class=\"panel-grid-cell panel-grid-cell-empty\" ><\/div><\/div><\/div><\/div><\/div><\/div><div id=\"pg-17-2\"  class=\"panel-grid panel-has-style\" ><div class=\"siteorigin-panels-stretch panel-row-style panel-row-style-for-17-2\" data-stretch-type=\"full-stretched\" ><div id=\"pgc-17-2-0\"  class=\"panel-grid-cell\" ><div id=\"panel-17-2-0-0\" class=\"so-panel widget widget_siteorigin-panels-builder panel-first-child panel-last-child\" data-index=\"2\" ><div id=\"pl-w5af0355e86fc4\"  class=\"panel-layout\" ><div id=\"pg-w5af0355e86fc4-0\"  class=\"panel-grid panel-has-style\" ><div class=\"panel-row-style panel-row-style-for-w5af0355e86fc4-0\" ><div id=\"pgc-w5af0355e86fc4-0-0\"  class=\"panel-grid-cell panel-grid-cell-empty\" ><\/div><div id=\"pgc-w5af0355e86fc4-0-1\"  class=\"panel-grid-cell\" ><div id=\"panel-w5af0355e86fc4-0-1-0\" class=\"so-panel widget widget_black-studio-tinymce widget_black_studio_tinymce panel-first-child panel-last-child\" data-index=\"0\" ><div class=\"panel-widget-style panel-widget-style-for-w5af0355e86fc4-0-1-0\" ><div class=\"textwidget\"><p><span style=\"font-size: 14pt;\"><strong>\u00c0 propos de PBCW<\/strong><\/span><\/p>\n<p>En tant que citoyens responsables du N\u00e9pal, nous avons cr\u00e9\u00e9 une organisation sociale, appel\u00e9e Peace and Beautiful Children Welfare (PBCW), pour g\u00e9n\u00e9rer un support et conduire des actions sociales en faveur de ces enfants. Nous sommes l\u00e9galement enregistr\u00e9s depuis l'ann\u00e9e 2007 suivant la constitution, les lois et les r\u00e9glements du N\u00e9pal.<\/p>\n<\/div><\/div><\/div><\/div><div id=\"pgc-w5af0355e86fc4-0-2\"  class=\"panel-grid-cell panel-grid-cell-mobile-last\" ><div id=\"panel-w5af0355e86fc4-0-2-0\" class=\"so-panel widget widget_sow-image panel-first-child panel-last-child\" data-index=\"1\" ><div\n\t\t\t\n\t\t\tclass=\"so-widget-sow-image so-widget-sow-image-default-8b5b6f678277\"\n\t\t\t\n\t\t>\n<div class=\"sow-image-container\">\n\t\t<img \n\tsrc=\"https:\/\/pbcw.org.np\/wp-content\/uploads\/2018\/05\/img-1-1.png\" width=\"1280\" height=\"506\" srcset=\"https:\/\/pbcw.org.np\/wp-content\/uploads\/2018\/05\/img-1-1.png 1280w, https:\/\/pbcw.org.np\/wp-content\/uploads\/2018\/05\/img-1-1-300x119.png 300w, https:\/\/pbcw.org.np\/wp-content\/uploads\/2018\/05\/img-1-1-768x304.png 768w, https:\/\/pbcw.org.np\/wp-content\/uploads\/2018\/05\/img-1-1-1024x405.png 1024w\" sizes=\"(max-width: 1280px) 100vw, 1280px\" title=\"img-1\" alt=\"\" \t\tclass=\"so-widget-image\"\/>\n\t<\/div>\n\n<\/div><\/div><\/div><div id=\"pgc-w5af0355e86fc4-0-3\"  class=\"panel-grid-cell panel-grid-cell-empty\" ><\/div><\/div><\/div><\/div><\/div><\/div><\/div><\/div><div id=\"pg-17-3\"  class=\"panel-grid panel-has-style\" ><div class=\"siteorigin-panels-stretch panel-row-style panel-row-style-for-17-3\" data-stretch-type=\"full-stretched\" ><div id=\"pgc-17-3-0\"  class=\"panel-grid-cell\" ><div id=\"panel-17-3-0-0\" class=\"so-panel widget widget_siteorigin-panels-builder panel-first-child panel-last-child\" data-index=\"3\" ><div id=\"pl-w5af2825103395\"  class=\"panel-layout\" ><div id=\"pg-w5af2825103395-0\"  class=\"panel-grid panel-no-style\" ><div id=\"pgc-w5af2825103395-0-0\"  class=\"panel-grid-cell\" ><div id=\"panel-w5af2825103395-0-0-0\" class=\"so-panel widget widget_sow-image panel-first-child panel-last-child\" data-index=\"0\" ><div\n\t\t\t\n\t\t\tclass=\"so-widget-sow-image so-widget-sow-image-default-8b5b6f678277\"\n\t\t\t\n\t\t>\n<div class=\"sow-image-container\">\n\t\t<img \n\tsrc=\"https:\/\/pbcw.org.np\/wp-content\/uploads\/2018\/05\/Home-Page-Picture-1.jpg\" width=\"3000\" height=\"791\" srcset=\"https:\/\/pbcw.org.np\/wp-content\/uploads\/2018\/05\/Home-Page-Picture-1.jpg 3000w, https:\/\/pbcw.org.np\/wp-content\/uploads\/2018\/05\/Home-Page-Picture-1-300x79.jpg 300w, https:\/\/pbcw.org.np\/wp-content\/uploads\/2018\/05\/Home-Page-Picture-1-768x202.jpg 768w, https:\/\/pbcw.org.np\/wp-content\/uploads\/2018\/05\/Home-Page-Picture-1-1024x270.jpg 1024w\" sizes=\"(max-width: 3000px) 100vw, 3000px\" title=\"Home Page Picture\" alt=\"\" \t\tclass=\"so-widget-image\"\/>\n\t<\/div>\n\n<\/div><\/div><\/div><\/div><\/div><\/div><\/div><\/div><\/div><\/div>","protected":false},"excerpt":{"rendered":"<p>Planning Futur Rencontrez l&#8217;enfance Comment nous aider Pourquoi soutenir? Programme de parrainage Demande sp\u00e9ciale! Le soutien que nous ont apport\u00e9 nos donateurs et commanditaires a d\u00e9pass\u00e9 nos esp\u00e9rances. C&#8217;est l\u00e0 une chose appr\u00e9ciable et tr\u00e8s appr\u00e9ci\u00e9e. \u00c0 propos de PBCW En tant que citoyens responsables du N\u00e9pal, nous avons cr\u00e9\u00e9 une organisation sociale, appel\u00e9e Peace&hellip;<\/p>\n","protected":false},"author":1,"featured_media":0,"parent":0,"menu_order":0,"comment_status":"closed","ping_status":"closed","template":"page-templates\/full-width-no-title.php","meta":{"footnotes":""},"class_list":["post-17","page","type-page","status-publish","hentry"],"_links":{"self":[{"href":"https:\/\/pbcw.org.np\/index.php\/wp-json\/wp\/v2\/pages\/17","targetHints":{"allow":["GET"]}}],"collection":[{"href":"https:\/\/pbcw.org.np\/index.php\/wp-json\/wp\/v2\/pages"}],"about":[{"href":"https:\/\/pbcw.org.np\/index.php\/wp-json\/wp\/v2\/types\/page"}],"author":[{"embeddable":true,"href":"https:\/\/pbcw.org.np\/index.php\/wp-json\/wp\/v2\/users\/1"}],"replies":[{"embeddable":true,"href":"https:\/\/pbcw.org.np\/index.php\/wp-json\/wp\/v2\/comments?post=17"}],"version-history":[{"count":61,"href":"https:\/\/pbcw.org.np\/index.php\/wp-json\/wp\/v2\/pages\/17\/revisions"}],"predecessor-version":[{"id":907,"href":"https:\/\/pbcw.org.np\/index.php\/wp-json\/wp\/v2\/pages\/17\/revisions\/907"}],"wp:attachment":[{"href":"https:\/\/pbcw.org.np\/index.php\/wp-json\/wp\/v2\/media?parent=17"}],"curies":[{"name":"wp","href":"https:\/\/api.w.org\/{rel}","templated":true}]}}