{"id":181,"date":"2018-05-03T04:13:30","date_gmt":"2018-05-03T04:13:30","guid":{"rendered":"http:\/\/pbcw.org.np\/new\/?page_id=181"},"modified":"2018-05-03T04:13:30","modified_gmt":"2018-05-03T04:13:30","slug":"comment-nous-aider","status":"publish","type":"page","link":"https:\/\/pbcw.org.np\/index.php\/fr\/comment-nous-aider\/","title":{"rendered":"Comment nous aider"},"content":{"rendered":"<p>Vous pouvez parrainer un enfant individuellement: 750 euros par an. Ce montant couvre les frais d&#8217;un enfant nourriture, v\u00eatements, logement et l&#8217;\u00e9ducation pour une ann\u00e9e enti\u00e8re. Cet engagement est faite \u00e0 l&#8217;enfant jusqu&#8217;\u00e0 ce qu&#8217;il ne soit plus sous la tutelle de la Peace and Beautiful Children Welfare.<br \/>\nVous pouvez aider \u00e0 soutenir notre Communaut\u00e9 Scholarship Program, qui offre un soutien financier pour la scolarisation des enfants qui vivent \u00e0 l&#8217;ext\u00e9rieur de l&#8217;orphelinat.<br \/>\nVous pourriez devenir b\u00e9n\u00e9vole ou stagiaire.<br \/>\nMettre en place un organisme de bienfaisance au nom de la paix et du bien-\u00eatre \u00e0 l&#8217;appui de son programme et de ses objectifs futurs.<br \/>\nFournir un soutien organisationnel.<\/p>\n<p>Aidez-nous \u00e0 entamer et mener tous programmes sociaux, comme un poste de sant\u00e9 communautaire, ou d&#8217;aider \u00e0 la construction des infrastructures dans les \u00e9coles locales, ainsi que, beaucoup d&#8217;autres choses.<br \/>\nNos autres besoins:<\/p>\n<p>Nous savons que c&#8217;est un grand engagement \u00e0 prendre pour parrainer un enfant individuellement et c\u2019est peut \u00eatre beaucoup pour une seule personne d\u2019assumer le financement. Si 750 euros par an est une charge trop lourde pour vous, mais que vous soyez toujours int\u00e9ress\u00e9 de parrainer un enfant, il existe d&#8217;autres options. Par exemple, vous pouvez partager avec certains de vos amis et connaissances et de prendre part personnellement pour un tiers du co\u00fbt total. Vous pouvez aussi choisir de parrainer un enfant de notre Programme de bourses d&#8217;\u00e9tudes, il suffit de couvrir le co\u00fbt de l&#8217;\u00e9ducation d\u2019un enfant. Nous pensons que de parrainer des enfants de notre association vous gratifiera de beaucoup de satisfactions.<\/p>\n<p>Il existe de nombreuses fa\u00e7ons de nous aider \u00e0 soutenir la paix et le bien-\u00eatre des enfants de PBCW. Votre contribution si petite soit-elle peut faire une grande diff\u00e9rence dans la vie de nos enfants. Ce qui suit est une liste nos nombreux besoins financiers:<\/p>\n<p>V\u00eatements<br \/>\nSacs et chaussures d\u2019\u00e9cole<br \/>\nFruits: les fruits saisonniers (nutrition essentielle)<br \/>\nAlimentation: Y compris le petit-d\u00e9jeuner, d\u00e9jeuner, d\u00eener et collations scolaires.<br \/>\nViande: Fournie deux fois par semaine pour tous les enfants<br \/>\nF\u00eates et anniversaires<br \/>\nCours de danse<br \/>\nPique-nique: En g\u00e9n\u00e9ral, trois fois par an.<br \/>\nUniformes<br \/>\nPapeterie &amp; livres<br \/>\nVisites m\u00e9dicales et traitements<br \/>\nLiterie<br \/>\nCin\u00e9ma ou Sorties<br \/>\nEquipements de Musique et de Sports<br \/>\nServices publics: \u00e9lectricit\u00e9, eau et gaz ou autres choses n\u00e9cessaires\u2026<br \/>\nJouets et poup\u00e9es<br \/>\nFournitures pour les arts graphiques<br \/>\nBandes dessin\u00e9es, livres d\u2019histoire, jeux etc.\u2026<br \/>\nLoyer du logement<br \/>\nToute chose que vous pensez \u00eatre n\u00e9cessaire.<\/p>\n","protected":false},"excerpt":{"rendered":"<p>Vous pouvez parrainer un enfant individuellement: 750 euros par an. Ce montant couvre les frais d&#8217;un enfant nourriture, v\u00eatements, logement et l&#8217;\u00e9ducation pour une ann\u00e9e enti\u00e8re. Cet engagement est faite \u00e0 l&#8217;enfant jusqu&#8217;\u00e0 ce qu&#8217;il ne soit plus sous la tutelle de la Peace and Beautiful Children Welfare. Vous pouvez aider \u00e0 soutenir notre Communaut\u00e9&hellip;<\/p>\n","protected":false},"author":1,"featured_media":0,"parent":0,"menu_order":0,"comment_status":"closed","ping_status":"closed","template":"","meta":{"footnotes":""},"class_list":["post-181","page","type-page","status-publish","hentry"],"_links":{"self":[{"href":"https:\/\/pbcw.org.np\/index.php\/wp-json\/wp\/v2\/pages\/181","targetHints":{"allow":["GET"]}}],"collection":[{"href":"https:\/\/pbcw.org.np\/index.php\/wp-json\/wp\/v2\/pages"}],"about":[{"href":"https:\/\/pbcw.org.np\/index.php\/wp-json\/wp\/v2\/types\/page"}],"author":[{"embeddable":true,"href":"https:\/\/pbcw.org.np\/index.php\/wp-json\/wp\/v2\/users\/1"}],"replies":[{"embeddable":true,"href":"https:\/\/pbcw.org.np\/index.php\/wp-json\/wp\/v2\/comments?post=181"}],"version-history":[{"count":1,"href":"https:\/\/pbcw.org.np\/index.php\/wp-json\/wp\/v2\/pages\/181\/revisions"}],"predecessor-version":[{"id":183,"href":"https:\/\/pbcw.org.np\/index.php\/wp-json\/wp\/v2\/pages\/181\/revisions\/183"}],"wp:attachment":[{"href":"https:\/\/pbcw.org.np\/index.php\/wp-json\/wp\/v2\/media?parent=181"}],"curies":[{"name":"wp","href":"https:\/\/api.w.org\/{rel}","templated":true}]}}