{"id":186,"date":"2018-05-03T04:15:07","date_gmt":"2018-05-03T04:15:07","guid":{"rendered":"http:\/\/pbcw.org.np\/new\/?page_id=186"},"modified":"2018-05-03T04:15:07","modified_gmt":"2018-05-03T04:15:07","slug":"pourquoi-soutenir","status":"publish","type":"page","link":"https:\/\/pbcw.org.np\/index.php\/fr\/pourquoi-soutenir\/","title":{"rendered":"Pourquoi soutenir?"},"content":{"rendered":"<p>Situ\u00e9 entre les grand pays de l&#8217;Inde et de la Chine, le N\u00e9pal figure parmi les plus pauvres et les pays les moins d\u00e9velopp\u00e9s au monde avec 46% de sa population vivant en dessous du seuil de pauvret\u00e9.<\/p>\n<p>Plus de 30 000 enfants meurent chaque ann\u00e9e, faute de soins m\u00e9dicaux ad\u00e9quats.<br \/>\n72% des femmes de 15 ans ou plus sont analphab\u00e8tes.<br \/>\n2 millions d&#8217;handicap\u00e9s, dont 5% sont des enfants.<br \/>\n3 millions d&#8217;enfants sont employ\u00e9s dans les diff\u00e9rents secteurs de travail pour enfants.et environ 4 millions sont impliqu\u00e9s dans le travail des enfants.<br \/>\nAu moins 47 000 enfants sont des travailleurs<br \/>\nPlus de 8 000 enfants travaillent et vivent dans la rue.<br \/>\n450 femmes enceintes sur 100 000 meurent en couches chaque ann\u00e9e.<br \/>\nChaque ann\u00e9e 17 500 femmes et enfants sont victimes de trafic vers l&#8217;Inde et les pays du golf.<br \/>\n32% des enfants de moins de 15 ans sont maries.<br \/>\nEnviron 250 enfants sont incarc\u00e9r\u00e9s dans des prisons pour adultes.<br \/>\nIl n&#8217;y a qu&#8217;un seul h\u00f4pital pour enfants dans le pays.<br \/>\nLe N\u00e9pal a le taux de disparition d&#8217;enfants le plus \u00e9lev\u00e9 du monde.<br \/>\nMoins de 5% seulement des femmes sont assist\u00e9es par un agent de sant\u00e9 lors de l&#8217;accouchement.<br \/>\nChaque ann\u00e9e, 60 000 enfants meurent avant d&#8217;atteindre leur 5e anniversaire<br \/>\nUn enfant sur trois quitte l&#8217;\u00e9cole<\/p>\n","protected":false},"excerpt":{"rendered":"<p>Situ\u00e9 entre les grand pays de l&#8217;Inde et de la Chine, le N\u00e9pal figure parmi les plus pauvres et les pays les moins d\u00e9velopp\u00e9s au monde avec 46% de sa population vivant en dessous du seuil de pauvret\u00e9. Plus de 30 000 enfants meurent chaque ann\u00e9e, faute de soins m\u00e9dicaux ad\u00e9quats. 72% des femmes de&hellip;<\/p>\n","protected":false},"author":1,"featured_media":0,"parent":0,"menu_order":0,"comment_status":"closed","ping_status":"closed","template":"","meta":{"footnotes":""},"class_list":["post-186","page","type-page","status-publish","hentry"],"_links":{"self":[{"href":"https:\/\/pbcw.org.np\/index.php\/wp-json\/wp\/v2\/pages\/186","targetHints":{"allow":["GET"]}}],"collection":[{"href":"https:\/\/pbcw.org.np\/index.php\/wp-json\/wp\/v2\/pages"}],"about":[{"href":"https:\/\/pbcw.org.np\/index.php\/wp-json\/wp\/v2\/types\/page"}],"author":[{"embeddable":true,"href":"https:\/\/pbcw.org.np\/index.php\/wp-json\/wp\/v2\/users\/1"}],"replies":[{"embeddable":true,"href":"https:\/\/pbcw.org.np\/index.php\/wp-json\/wp\/v2\/comments?post=186"}],"version-history":[{"count":1,"href":"https:\/\/pbcw.org.np\/index.php\/wp-json\/wp\/v2\/pages\/186\/revisions"}],"predecessor-version":[{"id":187,"href":"https:\/\/pbcw.org.np\/index.php\/wp-json\/wp\/v2\/pages\/186\/revisions\/187"}],"wp:attachment":[{"href":"https:\/\/pbcw.org.np\/index.php\/wp-json\/wp\/v2\/media?parent=186"}],"curies":[{"name":"wp","href":"https:\/\/api.w.org\/{rel}","templated":true}]}}