{"id":323,"date":"2018-05-03T08:59:03","date_gmt":"2018-05-03T08:59:03","guid":{"rendered":"http:\/\/pbcw.org.np\/new\/?page_id=323"},"modified":"2018-05-14T02:34:46","modified_gmt":"2018-05-14T02:34:46","slug":"qui-sommes-nous","status":"publish","type":"page","link":"https:\/\/pbcw.org.np\/index.php\/fr\/qui-sommes-nous\/","title":{"rendered":"Qui Sommes Nous"},"content":{"rendered":"<p><img loading=\"lazy\" decoding=\"async\" class=\"alignnone size-full wp-image-808\" src=\"https:\/\/pbcw.org.np\/wp-content\/uploads\/2018\/05\/about-us.jpg\" alt=\"\" width=\"1050\" height=\"325\" srcset=\"https:\/\/pbcw.org.np\/wp-content\/uploads\/2018\/05\/about-us.jpg 1050w, https:\/\/pbcw.org.np\/wp-content\/uploads\/2018\/05\/about-us-300x93.jpg 300w, https:\/\/pbcw.org.np\/wp-content\/uploads\/2018\/05\/about-us-768x238.jpg 768w, https:\/\/pbcw.org.np\/wp-content\/uploads\/2018\/05\/about-us-1024x317.jpg 1024w\" sizes=\"auto, (max-width: 1050px) 100vw, 1050px\" \/><\/p>\n<p><strong>PEACE AND BEAUTIFUL CHILDREN WELFARE (PBCW)<\/strong><\/p>\n<p>Peace and Beautiful Children Welfare (PBCW) est une association \u00e0 but non lucratif qui intervient dans le domaine de l\u2019assistance sociale pour les enfants dans le besoin au N\u00e9pal. Avec l\u2019aide internationale de donateurs, PBCW aide \u00e0 fournir une \u00e9ducation de qualit\u00e9, un logement, de la nourriture, et \u00e0 faire valoir les droits des enfants d\u00e9favoris\u00e9s. Cr\u00e9\u00e9e en 2007, PBCW est rapidement devenue l\u2019une des principales associations d\u2019int\u00e9r\u00eat g\u00e9n\u00e9ral engag\u00e9e \u00e0 s\u2019occuper du devenir des enfants les plus d\u00e9munis. Poursuivant notre travail dans ce sens, nous avons cr\u00e9\u00e9 en 2012 la petite s\u0153ur de PBCW, appel\u00e9e Milestone Youth Welfare (MYW) pour soutenir les adolescents dans le besoin.<br \/>\nNos deux associations PBCW et MYW permettent \u00e0 presque 60 enfants et adolescents d\u2019avoir acc\u00e8s \u00e0 l\u2019\u00e9ducation, aux soins et de pouvoir convenablement s\u2019\u00e9manciper. Nous avons des enfants issus de diff\u00e9rents endroits recul\u00e9es du N\u00e9pal, vivants ensemble dans le foyer de PBCW. Nous nous consacrons \u00e0 leur apporter une bonne \u00e9ducation et \u00e0 d\u00e9fendre leurs droits. Ainsi, MYW travaille dans le m\u00eame esprit pour \u00e9duquer les adolescents, parce que nous sommes persuad\u00e9s qu\u2019avec un acc\u00e8s \u00e0 une \u00e9ducation de qualit\u00e9, ils d\u00e9velopperont les comp\u00e9tences qui leurs permettrons d\u2019envisager un avenir prometteur.<br \/>\nOn connait le N\u00e9pal, petit pays enclav\u00e9 entre l\u2019Inde et la Chine, comme un pays riche de cultures et de traditions. Il est le lieu de naissance de Gautam Buddha, et on y vient pour la beaut\u00e9 et la diversit\u00e9 de ses paysages, en esp\u00e9rant apercevoir le toit du monde : le mont Everest. N\u00e9anmoins, il y a de nombreux probl\u00e8mes et enjeux en thermes d\u2019\u00e9ducation, de gestion, d\u2019acc\u00e8s aux \u00e9coles, et d\u2019autres. De plus discriminations soci\u00e9tales bas\u00e9es sur le genre, l\u2019ethnie, les classes sociales etc persistent dans certaines parties du N\u00e9pal.<br \/>\nEn regard de tous ces enjeux, PBCW et MYW ont pour objectif d\u2019offrir une vie saine et un futur meilleur pour les enfants et les adolescents les plus d\u00e9favoris\u00e9s en leur procurant un endroit s\u00fbr, une \u00e9quipe qui prend soin d\u2019eux, et un avenir \u00e0 l\u2019abri de la pauvret\u00e9. Ils pourront grandir et se d\u00e9velopper sainement, \u00e9duqu\u00e9s, responsables, et avec toutes les chances de trouver un emploi qui leurs permettra de subvenir \u00e0 leurs besoins. Cependant ce n\u2019est pas possible sans aides financi\u00e8re&#8230; Quand nous nous unissons ensemble, nous rendons possible une vie \u00e9quilibr\u00e9e \u00e0 de nombreux enfants et adolescents issus de milieux d\u00e9favoris\u00e9s, nous leur permettons d\u2019\u00eatre en bonne sant\u00e9, d\u2019avoir acc\u00e8s \u00e0 l\u2019\u00e9ducation, de d\u00e9velopper des comp\u00e9tences qui leur donnerons les moyens de s\u2019\u00e9manciper et de sortir librement de la pauvret\u00e9.<br \/>\nNous ne pourrions pas faire ce travail sans le support de Nepal\u2019s Daughter and Sons (NDS), ainsi que de nos membres et donateurs fran\u00e7ais, et du monde entier. L\u2019association et ceux que nous servons, appr\u00e9cions sinc\u00e8rement votre g\u00e9n\u00e9rosit\u00e9. De la part de nous tous ici, a PBCW et MYW, nous vous remercions, votre soutient nous encourage, et affirment notre volont\u00e9 d\u2019accomplir la mission que nous nous sommes donn\u00e9s.<br \/>\nNos remerciements chaleureux \u00e0 NDS, ANEES \u2013 France, nos g\u00e9n\u00e9reux donateurs et sponsors qui nous soutiennent depuis toujours pour changer la vie de ces enfants. Merci d\u2019amener un impact positif dans leurs vies.<br \/>\n\u2018We make a living by what we get but we make a life by what we give.\u2019<\/p>\n<p>Le Pr\u00e9sident &amp; \u00e9quipe Enti\u00e8re<br \/>\nPeace and Beautiful Children Welfare (PBCW)<br \/>\nMilestone Youth Welfare (MYW)<br \/>\nLe N\u00e9pal<\/p>\n<p><strong>MILESTONE YOUTH WELFARE (MYW)<\/strong><\/p>\n<p>Milestone Youth Welfare (MYW) a pour principal objectif de permettre aux enfants de continuer leurs \u00e9tudes apr\u00e8s leur graduation, qui se fait g\u00e9n\u00e9ralement a l\u2019\u00e2ge de 15ans. Cette association cr\u00e9e en 2012 a \u00e9t\u00e9 pens\u00e9e comme une s\u0153ur pour PBCW, dans le but de continuer de soutenir les enfants de PBCW quand ils obtenu leur graduation, afin qu\u2019ils puissent faire des \u00e9tudes sup\u00e9rieurs. L\u2019objectif principal est de les instruire et les rendre ind\u00e9pendants afin qu\u2019ils aient un meilleur avenir. MYW est cette plateforme qui permet de combler le foss\u00e9 entre \u00e9duqu\u00e9e et non \u00e9duqu\u00e9e.<\/p>\n<p>Nous sommes parvenus \u00e0 financer les \u00e9tudes d\u2019environ 60 enfants et adolescents qui \u00e9taient au paravent pris en charge par PBCW, apr\u00e8s avoir obtenu leur dipl\u00f4me, ils sont actuellement entrain de poursuivre leurs \u00e9tudes. Les adolescents sont une partie de la population importante dans le monde entier. Nous consid\u00e9rons qu\u2019ils sont notre avenir, parce qui ils apporteront de nouvelles id\u00e9es et une nouvelle \u00e9nergie aux connaissances d\u00e9j\u00e0 existantes. Avec leur enthousiasme et leur vitalit\u00e9, ils peuvent apporter une nouvelle fraicheur qui peut mener \u00e0 de nouvelles d\u00e9couvertes, et de nouveaux d\u00e9veloppements b\u00e9n\u00e9fiques pour la soci\u00e9t\u00e9, et plus largement pour le monde entier.<\/p>\n<p>Nous sommes fiers de partager les histoires des adolescents de MYW qui ont r\u00e9ussi a accomplir leurs r\u00eaves avec l\u2019aide de nos parrains et membres de l\u2019association.<\/p>\n<p>R. ADHIKARI<\/p>\n<p>Quand il est arriv\u00e9 parmi nous, il n\u2019\u00e9tait qu\u2019un enfant r\u00eavant d\u2019un avenir meilleur. Sa vie a chang\u00e9 quand il a commenc\u00e9 \u00e0 \u00e9tudier sous notre protection et a pu partir en France, pour faire des \u00e9tudes sup\u00e9rieures.<\/p>\n<p>S. GHALAN<br \/>\nElle r\u00eavait de travailler dans le domaine m\u00e9dical et a brillamment r\u00e9ussi ses \u00e9tudes d\u2019infirmi\u00e8re et travaille d\u00e9sormais dans l\u2019h\u00f4pital Alka, a Lalitpur.<\/p>\n<p>K.G.MAGAR<\/p>\n<p>Introverti mais curieux, il r\u00eavait de voler haut, maintenant il poursuit une formation pour devenir pilote d\u2019ultralight \u00e0 Pokhara.<\/p>\n<p>B.G. MAGAR<\/p>\n<p>Quand il a commenc\u00e9 \u00e0 \u00e9tudier parmi nous a PBCW, son enthousiasme et ses capacit\u00e9s d\u2019apprentissage nous ont fait penser que cet enfant avait le potentiel pour exceller dans le domaine qu\u2019il choisirait. Actuellement, il poursuit des \u00e9tudes sup\u00e9rieures en Australie.<\/p>\n<p>Evidemment, il y a autant d\u2019histoires que d\u2019adolescentes ici, au sein de l\u2019association MYW, qui seront d\u00e9crites au fur et \u00e0 mesure de leur r\u00e9ussite.<\/p>\n","protected":false},"excerpt":{"rendered":"<p>PEACE AND BEAUTIFUL CHILDREN WELFARE (PBCW) Peace and Beautiful Children Welfare (PBCW) est une association \u00e0 but non lucratif qui intervient dans le domaine de l\u2019assistance sociale pour les enfants dans le besoin au N\u00e9pal. Avec l\u2019aide internationale de donateurs, PBCW aide \u00e0 fournir une \u00e9ducation de qualit\u00e9, un logement, de la nourriture, et \u00e0&hellip;<\/p>\n","protected":false},"author":1,"featured_media":0,"parent":0,"menu_order":0,"comment_status":"closed","ping_status":"closed","template":"","meta":{"footnotes":""},"class_list":["post-323","page","type-page","status-publish","hentry"],"_links":{"self":[{"href":"https:\/\/pbcw.org.np\/index.php\/wp-json\/wp\/v2\/pages\/323","targetHints":{"allow":["GET"]}}],"collection":[{"href":"https:\/\/pbcw.org.np\/index.php\/wp-json\/wp\/v2\/pages"}],"about":[{"href":"https:\/\/pbcw.org.np\/index.php\/wp-json\/wp\/v2\/types\/page"}],"author":[{"embeddable":true,"href":"https:\/\/pbcw.org.np\/index.php\/wp-json\/wp\/v2\/users\/1"}],"replies":[{"embeddable":true,"href":"https:\/\/pbcw.org.np\/index.php\/wp-json\/wp\/v2\/comments?post=323"}],"version-history":[{"count":3,"href":"https:\/\/pbcw.org.np\/index.php\/wp-json\/wp\/v2\/pages\/323\/revisions"}],"predecessor-version":[{"id":927,"href":"https:\/\/pbcw.org.np\/index.php\/wp-json\/wp\/v2\/pages\/323\/revisions\/927"}],"wp:attachment":[{"href":"https:\/\/pbcw.org.np\/index.php\/wp-json\/wp\/v2\/media?parent=323"}],"curies":[{"name":"wp","href":"https:\/\/api.w.org\/{rel}","templated":true}]}}