{"id":327,"date":"2018-05-03T09:10:50","date_gmt":"2018-05-03T09:10:50","guid":{"rendered":"http:\/\/pbcw.org.np\/new\/?page_id=327"},"modified":"2018-05-14T02:35:55","modified_gmt":"2018-05-14T02:35:55","slug":"ce-que-nous-faisons","status":"publish","type":"page","link":"https:\/\/pbcw.org.np\/index.php\/fr\/ce-que-nous-faisons\/","title":{"rendered":"Ce Que Nous Faisons"},"content":{"rendered":"<p><img loading=\"lazy\" decoding=\"async\" class=\"alignnone size-full wp-image-812\" src=\"https:\/\/pbcw.org.np\/wp-content\/uploads\/2018\/05\/What-we-do.jpg\" alt=\"\" width=\"900\" height=\"275\" srcset=\"https:\/\/pbcw.org.np\/wp-content\/uploads\/2018\/05\/What-we-do.jpg 900w, https:\/\/pbcw.org.np\/wp-content\/uploads\/2018\/05\/What-we-do-300x92.jpg 300w, https:\/\/pbcw.org.np\/wp-content\/uploads\/2018\/05\/What-we-do-768x235.jpg 768w\" sizes=\"auto, (max-width: 900px) 100vw, 900px\" \/><\/p>\n<p>PBCW\/ MYW se concentrent sur quatre points essentiels qui permettent de garantir un avenir meilleur \u00e0 nos enfants et adolescents.<\/p>\n<p><strong>UN ENVIRONEMENT SECURISE:<\/strong><\/p>\n<p>Le tout premier facteur jouant un r\u00f4le essentiel pour le bon d\u00e9veloppement des enfants, sont le logement et l\u2019alimentation\u00a0: un environnement s\u00e9curis\u00e9, et une alimentation saine et suffisante. Les enfants sont plus susceptibles de s\u2019\u00e9panouir physiquement, mentalement, \u00e9motionnellement, et socialement dans un environnement sain et s\u00e9curis\u00e9. Ainsi, nous assurons cet environnement en\u00a0:<\/p>\n<ul>\n<li>Leur fournissant logement, nourriture et v\u00eatements de qualit\u00e9.<\/li>\n<li>Maintenant un \u00e9change permanant entre les enfants et les adultes.<\/li>\n<li>Les surveillants 24\/24H par notre personnel responsable.<\/li>\n<\/ul>\n<p><strong>SANTE : <\/strong><\/p>\n<p>Hygi\u00e8ne et pauvret\u00e9 sont \u00e9troitement li\u00e9es. De fait en nous investissant dans la sant\u00e9 et l\u2019hygi\u00e8ne, nous assurons aux enfants une vie saine et une future meilleure. Notre programme de sant\u00e9 se d\u00e9veloppe en deux points importants :<\/p>\n<ul>\n<li>D\u00e9velopper de bonnes habitudes quotidiennes chez les enfants et les adolescents en leur expliquant la n\u00e9cessit\u00e9 d\u2019une bonne.<\/li>\n<li>Leur fournir des services m\u00e9dicaux ad\u00e9quats, quand ils en ont besoin.<\/li>\n<\/ul>\n<p><strong>EDUCATION:<\/strong><\/p>\n<p>L\u2019\u00e9ducation joue un r\u00f4le tr\u00e8s important, elle permet d\u2019affirmer la personnalit\u00e9 de chacun en faisant croitre ses comp\u00e9tences et ses connaissances. Nous assurons une \u00e9ducation \u00e9quitable et un apprentissage de qualit\u00e9.<\/p>\n<ul>\n<li>Payement des droits de scolarit\u00e9, des uniformes, des fournitures, bourses scolaires.<\/li>\n<li>Apporte une \u00e9ducation formelle du d\u00e9but de l\u2019\u00e9cole \u00e9l\u00e9mentaire jusqu\u2019\u00e0 la fin du coll\u00e8ge.<\/li>\n<\/ul>\n<p><strong>SOCIALISATION<\/strong><strong>\u00a0:<\/strong><\/p>\n<p>L\u2019autonomie et la socialisation de l\u2019enfant, est tr\u00e8s importante, elle lui permet de travailler en \u00e9quipe, coordonner une \u00e9quipe et permet d\u2019avoir confiance en soi.<\/p>\n<p><strong>Ici quelques-uns des moyens de les socialiser:<\/strong><\/p>\n<ul>\n<li><strong>Organiser des ateliers artistiques et culturels aide \u00e0 am\u00e9liorer leurs comp\u00e9tences relationnelles, \u00e0 faire face aux \u00e9motions, \u00e0 d\u00e9velopper la cr\u00e9ativit\u00e9, et \u00e0 d\u00e9velopper la confiance en soi.<\/strong><\/li>\n<li><strong>Organiser des activit\u00e9s sportives, football, karat\u00e9\u2026 parce que le sport est un bon moyen de se d\u00e9penser physiquement, et d\u2019apprendre \u00e0 se canaliser.il permet \u00e9galement d\u2019assimiler des notions importantes comme l\u2019esprit d\u2019\u00e9quipe, la gestion des probl\u00e8mes et conflits, la prise de d\u00e9cisions\u2026<\/strong><\/li>\n<li><strong>Mise en place d\u2019un programme de d\u00e9veloppement social et comportemental pour prendre conscience de soi-m\u00eame comme \u00e9voluant au sein d\u2019une communaut\u00e9.<\/strong><\/li>\n<\/ul>\n<h3><strong>BUT, OBJECTIFS, RESULTATS<\/strong><\/h3>\n<table width=\"100%\">\n<tbody>\n<tr>\n<td style=\"width: 6.42115%;\">but<\/td>\n<td style=\"width: 93.7847%;\" colspan=\"2\"><em>Servir et contribuer au bien-\u00eatre des enfants et des adolescents au N\u00e9pal<\/em><\/td>\n<\/tr>\n<tr>\n<td style=\"width: 6.42115%;\">objectif:<\/td>\n<td style=\"width: 93.7847%;\" colspan=\"2\"><em>Am\u00e9liorer le style de vie d&#8217;enfant issu d\u2019un milieu pauvre et marginalis\u00e9 en r\u00e9pondant \u00e0 ses besoins vitaux\u00a0: \u00e9ducation, soins m\u00e9dicaux, nourriture\u2026 Le tout dans le but de lui garantir une vie saine.<\/em><\/td>\n<\/tr>\n<tr>\n<td style=\"width: 100.206%;\" colspan=\"3\">r\u00e9sultats:<em>\u00a0six r\u00e9sultats cl\u00e9s ont \u00e9t\u00e9s envisages\u00a0:<\/em><\/td>\n<\/tr>\n<tr>\n<td style=\"width: 9.71325%;\" colspan=\"2\">R\u00e9sultat 1:<\/td>\n<td style=\"width: 90.4926%;\">Enseignement(\u00c9ducation) de qualit\u00e9 formel et occasions pour plus de nombre(num\u00e9ro) d&#8217;enfants d\u00e9favoris\u00e9s(priv\u00e9s) et jeunesse(jeune) de zones(domaines) \u00e9loign\u00e9es(\u00e0 distance) diverses au N\u00e9pal.<\/td>\n<\/tr>\n<tr>\n<td style=\"width: 9.71325%;\" colspan=\"2\">R\u00e9sultat 2:<\/td>\n<td style=\"width: 90.4926%;\">Plus d&#8217;activit\u00e9s p\u00e9riscolaires, formant et la responsabilisation programment pour le d\u00e9veloppement personnel, physique et social \u00e0 \u00eatre fourni.<\/td>\n<\/tr>\n<tr>\n<td style=\"width: 9.71325%;\" colspan=\"2\">R\u00e9sultat 3:<\/td>\n<td style=\"width: 90.4926%;\">Augmenter et am\u00e9liorer les collaborations avec des associations locales comme VDCs, SWC et bien d\u2019autres\u2026<\/td>\n<\/tr>\n<tr>\n<td style=\"width: 9.71325%;\" colspan=\"2\">R\u00e9sultat 4:<\/td>\n<td style=\"width: 90.4926%;\">Formation professionnelle dans le domaine souhaite apr\u00e8s leur graduation, ce qui permet de les rendre ind\u00e9pendants.<\/td>\n<\/tr>\n<tr>\n<td style=\"width: 9.71325%;\" colspan=\"2\">R\u00e9sultat 5:<\/td>\n<td style=\"width: 90.4926%;\">Programmes de bourses scolaires plus nombreux pour enfants et adolescents d\u00e9favoris\u00e9s, issus de diff\u00e9rentes r\u00e9gions du N\u00e9pal.<\/td>\n<\/tr>\n<tr>\n<td style=\"width: 9.71325%;\" colspan=\"2\">R\u00e9sultat 6:<\/td>\n<td style=\"width: 90.4926%;\">Surveillance et assistance ad\u00e9quats, en fonction de leurs besoins.<\/td>\n<\/tr>\n<\/tbody>\n<\/table>\n","protected":false},"excerpt":{"rendered":"<p>PBCW\/ MYW se concentrent sur quatre points essentiels qui permettent de garantir un avenir meilleur \u00e0 nos enfants et adolescents. UN ENVIRONEMENT SECURISE: Le tout premier facteur jouant un r\u00f4le essentiel pour le bon d\u00e9veloppement des enfants, sont le logement et l\u2019alimentation\u00a0: un environnement s\u00e9curis\u00e9, et une alimentation saine et suffisante. Les enfants sont plus&hellip;<\/p>\n","protected":false},"author":1,"featured_media":0,"parent":0,"menu_order":0,"comment_status":"closed","ping_status":"closed","template":"","meta":{"footnotes":""},"class_list":["post-327","page","type-page","status-publish","hentry"],"_links":{"self":[{"href":"https:\/\/pbcw.org.np\/index.php\/wp-json\/wp\/v2\/pages\/327","targetHints":{"allow":["GET"]}}],"collection":[{"href":"https:\/\/pbcw.org.np\/index.php\/wp-json\/wp\/v2\/pages"}],"about":[{"href":"https:\/\/pbcw.org.np\/index.php\/wp-json\/wp\/v2\/types\/page"}],"author":[{"embeddable":true,"href":"https:\/\/pbcw.org.np\/index.php\/wp-json\/wp\/v2\/users\/1"}],"replies":[{"embeddable":true,"href":"https:\/\/pbcw.org.np\/index.php\/wp-json\/wp\/v2\/comments?post=327"}],"version-history":[{"count":3,"href":"https:\/\/pbcw.org.np\/index.php\/wp-json\/wp\/v2\/pages\/327\/revisions"}],"predecessor-version":[{"id":929,"href":"https:\/\/pbcw.org.np\/index.php\/wp-json\/wp\/v2\/pages\/327\/revisions\/929"}],"wp:attachment":[{"href":"https:\/\/pbcw.org.np\/index.php\/wp-json\/wp\/v2\/media?parent=327"}],"curies":[{"name":"wp","href":"https:\/\/api.w.org\/{rel}","templated":true}]}}