{"id":335,"date":"2018-05-03T09:16:21","date_gmt":"2018-05-03T09:16:21","guid":{"rendered":"http:\/\/pbcw.org.np\/new\/?page_id=335"},"modified":"2018-05-14T02:38:05","modified_gmt":"2018-05-14T02:38:05","slug":"pourquoi-nous-avons-besoin-de-votre-aide","status":"publish","type":"page","link":"https:\/\/pbcw.org.np\/index.php\/fr\/pourquoi-nous-avons-besoin-de-votre-aide\/","title":{"rendered":"Pourquoi Nous Avons Besoin De Votre Aide"},"content":{"rendered":"<p><img loading=\"lazy\" decoding=\"async\" class=\"alignnone wp-image-922 size-full\" src=\"https:\/\/pbcw.org.np\/wp-content\/uploads\/2018\/05\/future_planning.jpg\" alt=\"\" width=\"1024\" height=\"282\" srcset=\"https:\/\/pbcw.org.np\/wp-content\/uploads\/2018\/05\/future_planning.jpg 1024w, https:\/\/pbcw.org.np\/wp-content\/uploads\/2018\/05\/future_planning-300x83.jpg 300w, https:\/\/pbcw.org.np\/wp-content\/uploads\/2018\/05\/future_planning-768x212.jpg 768w\" sizes=\"auto, (max-width: 1024px) 100vw, 1024px\" \/><\/p>\n<p>Chacun des membres de PBCW est tr\u00e8s reconnaissant du soutien de nos g\u00e9n\u00e9reux donateurs et bienfaiteurs. Cette aide am\u00e8ne un v\u00e9ritable changement dans la vie des enfants, la diff\u00e9rence qu\u2019elle cr\u00e9e est impensable. Notre mission est de r\u00e9colter des fonds pour permettre de continuer le plus longtemps possible et de la meilleure fa\u00e7on \u00e0 prendre soin des enfants et adolescents les plus d\u00e9munis. Plus nous obtenons de dons, plus nous sommes capables de soutenir un plus grand nombre d\u2019enfants issus de milieux d\u00e9favoris\u00e9s.<\/p>\n<p>La pauvret\u00e9 est un fl\u00e9au au N\u00e9pal, en effet 46 % de la population vit au-dessous du seuil de pauvret\u00e9. La mis\u00e8re est tr\u00e8s importante dans des zones rurales, particuli\u00e8rement dans les r\u00e9gions montagneuses. Beaucoup d&#8217;enfants au N\u00e9pal n\u2019ont acc\u00e8s ni \u00e0 l\u2019\u00e9duction ni \u00e0 des services m\u00e9dicaux appropri\u00e9s. De plus, dans les endroits recul\u00e9s Certains enfants sont oblig\u00e9s de travailler tr\u00e8s jeunes. Il y a \u00e9galement de nombreux cas de disparition, de mort et de d\u00e9scolarisation soudaine.<\/p>\n<p>Nous tendons la main \u00e0 ces enfants pour leur donner des vies s\u00fbres et saines. En 2007, lors de la cr\u00e9ation de l\u2019association, nous avions sous notre protection 20 enfants. Avec le support inconditionnel de nos donateurs et des membres associ\u00e9s, nous avons pu \u00e9tendre notre travail, et nous occupons d\u00e9sormais de 59 enfants. Nous soutenons \u00e9galement l&#8217;enseignement sup\u00e9rieur dans des coll\u00e8ges prestigieux diff\u00e9rents \u00e0 Kathmandu pour ceux qui se sont d\u00e9j\u00e0 \u00e9vanouis de l&#8217;\u00e9cole. Nous le prenons comme notre accomplissement<\/p>\n<p>Nous cherchons toujours plus d&#8217;enfants attendant d\u2019\u00eatre parrain\u00e9. Nous choisissons les enfants qui viennent des milieux les plus pauvres, sont abandonn\u00e9s ou sont\u00a0 victimes de conflits.<\/p>\n<p>Vous pouvez nous nous rejoindre dans ce voyage pour rendre les vies de ces enfants meilleures, comme nous nous y sommes engag\u00e9s. Cela vous donne l\u2019opportunit\u00e9 de voir ces vies changer.<\/p>\n","protected":false},"excerpt":{"rendered":"<p>Chacun des membres de PBCW est tr\u00e8s reconnaissant du soutien de nos g\u00e9n\u00e9reux donateurs et bienfaiteurs. Cette aide am\u00e8ne un v\u00e9ritable changement dans la vie des enfants, la diff\u00e9rence qu\u2019elle cr\u00e9e est impensable. Notre mission est de r\u00e9colter des fonds pour permettre de continuer le plus longtemps possible et de la meilleure fa\u00e7on \u00e0 prendre&hellip;<\/p>\n","protected":false},"author":1,"featured_media":0,"parent":0,"menu_order":0,"comment_status":"closed","ping_status":"closed","template":"","meta":{"footnotes":""},"class_list":["post-335","page","type-page","status-publish","hentry"],"_links":{"self":[{"href":"https:\/\/pbcw.org.np\/index.php\/wp-json\/wp\/v2\/pages\/335","targetHints":{"allow":["GET"]}}],"collection":[{"href":"https:\/\/pbcw.org.np\/index.php\/wp-json\/wp\/v2\/pages"}],"about":[{"href":"https:\/\/pbcw.org.np\/index.php\/wp-json\/wp\/v2\/types\/page"}],"author":[{"embeddable":true,"href":"https:\/\/pbcw.org.np\/index.php\/wp-json\/wp\/v2\/users\/1"}],"replies":[{"embeddable":true,"href":"https:\/\/pbcw.org.np\/index.php\/wp-json\/wp\/v2\/comments?post=335"}],"version-history":[{"count":2,"href":"https:\/\/pbcw.org.np\/index.php\/wp-json\/wp\/v2\/pages\/335\/revisions"}],"predecessor-version":[{"id":932,"href":"https:\/\/pbcw.org.np\/index.php\/wp-json\/wp\/v2\/pages\/335\/revisions\/932"}],"wp:attachment":[{"href":"https:\/\/pbcw.org.np\/index.php\/wp-json\/wp\/v2\/media?parent=335"}],"curies":[{"name":"wp","href":"https:\/\/api.w.org\/{rel}","templated":true}]}}