{"id":338,"date":"2018-05-03T09:18:43","date_gmt":"2018-05-03T09:18:43","guid":{"rendered":"http:\/\/pbcw.org.np\/new\/?page_id=338"},"modified":"2018-05-14T02:40:12","modified_gmt":"2018-05-14T02:40:12","slug":"comment-parainer-un-enfant-dans-le-besoin","status":"publish","type":"page","link":"https:\/\/pbcw.org.np\/index.php\/fr\/comment-parainer-un-enfant-dans-le-besoin\/","title":{"rendered":"Comment Parainer Un Enfant Dans Le Besoin"},"content":{"rendered":"<p><img loading=\"lazy\" decoding=\"async\" class=\"alignnone size-full wp-image-933\" src=\"https:\/\/pbcw.org.np\/wp-content\/uploads\/2018\/05\/support.jpg\" alt=\"\" width=\"1024\" height=\"282\" srcset=\"https:\/\/pbcw.org.np\/wp-content\/uploads\/2018\/05\/support.jpg 1024w, https:\/\/pbcw.org.np\/wp-content\/uploads\/2018\/05\/support-300x83.jpg 300w, https:\/\/pbcw.org.np\/wp-content\/uploads\/2018\/05\/support-768x212.jpg 768w\" sizes=\"auto, (max-width: 1024px) 100vw, 1024px\" \/><\/p>\n<ul>\n<li>Quand vous parrainez un enfant, de nombreux changements b\u00e9n\u00e9fiques s\u2019op\u00e8rent dans sa vie : acc\u00e8s \u00e0 l\u2019\u00e9ducation, soins m\u00e9dicaux, nourriture, logement\u2026 En tant que parrain, vous serez en mesure de voir l\u2019impact qu\u2019a ce parrainage sur la vie de l\u2019enfant. Vous pourrez construire une v\u00e9ritable relation avec cet enfant et son entourage, \u00e0 travers l\u2019\u00e9change de lettres, de vid\u00e9os, d\u2019encouragements et plus encore. Si vous en avez la possibilit\u00e9 et les moyens, vous pouvez \u00e9galement lui rendre visite, ici au N\u00e9pal.<\/li>\n<li>Vous pouvez devenir parrain en versant 1000Euros par an. Cette somme couvre les frais de scolarit\u00e9, d\u2019h\u00e9bergement, de nourriture et d\u2019habillement d\u2019un enfant, pendant toute une ann\u00e9e. Cet engagement peut \u00eatre fait \u00e0 long terme et ce, jusqu\u2019 l\u2019ach\u00e8vement de la scolarit\u00e9 de l\u2019enfant sous la tutelle de PBCW.<\/li>\n<li>Vous pouvez \u00e9galement soutenir les enfants en devenant un donateur de notre programme de bourses scolaires collectives, qui permet de financer la scolarit\u00e9 des enfants qui ne vivent pas dans le foyer de PBCW.<\/li>\n<li>Vous pouvez nous aider en cr\u00e9ant, ou en participant \u00e0 des programmes sociaux<\/li>\n<li>Nous sommes \u00e9galement entrain de pr\u00e9voir la construction de notre propre \u00e9cole dans un futur proche, vous pouvez \u00eatre des n\u00f4tres en nous aidant financi\u00e8rement, toujours dans le but de fournir une bonne \u00e9ducation au plus grand nombre.<\/li>\n<\/ul>\n","protected":false},"excerpt":{"rendered":"<p>Quand vous parrainez un enfant, de nombreux changements b\u00e9n\u00e9fiques s\u2019op\u00e8rent dans sa vie : acc\u00e8s \u00e0 l\u2019\u00e9ducation, soins m\u00e9dicaux, nourriture, logement\u2026 En tant que parrain, vous serez en mesure de voir l\u2019impact qu\u2019a ce parrainage sur la vie de l\u2019enfant. Vous pourrez construire une v\u00e9ritable relation avec cet enfant et son entourage, \u00e0 travers l\u2019\u00e9change&hellip;<\/p>\n","protected":false},"author":1,"featured_media":0,"parent":0,"menu_order":0,"comment_status":"closed","ping_status":"closed","template":"","meta":{"footnotes":""},"class_list":["post-338","page","type-page","status-publish","hentry"],"_links":{"self":[{"href":"https:\/\/pbcw.org.np\/index.php\/wp-json\/wp\/v2\/pages\/338","targetHints":{"allow":["GET"]}}],"collection":[{"href":"https:\/\/pbcw.org.np\/index.php\/wp-json\/wp\/v2\/pages"}],"about":[{"href":"https:\/\/pbcw.org.np\/index.php\/wp-json\/wp\/v2\/types\/page"}],"author":[{"embeddable":true,"href":"https:\/\/pbcw.org.np\/index.php\/wp-json\/wp\/v2\/users\/1"}],"replies":[{"embeddable":true,"href":"https:\/\/pbcw.org.np\/index.php\/wp-json\/wp\/v2\/comments?post=338"}],"version-history":[{"count":3,"href":"https:\/\/pbcw.org.np\/index.php\/wp-json\/wp\/v2\/pages\/338\/revisions"}],"predecessor-version":[{"id":936,"href":"https:\/\/pbcw.org.np\/index.php\/wp-json\/wp\/v2\/pages\/338\/revisions\/936"}],"wp:attachment":[{"href":"https:\/\/pbcw.org.np\/index.php\/wp-json\/wp\/v2\/media?parent=338"}],"curies":[{"name":"wp","href":"https:\/\/api.w.org\/{rel}","templated":true}]}}