{"id":341,"date":"2018-05-03T09:20:56","date_gmt":"2018-05-03T09:20:56","guid":{"rendered":"http:\/\/pbcw.org.np\/new\/?page_id=341"},"modified":"2018-05-14T02:46:06","modified_gmt":"2018-05-14T02:46:06","slug":"dautres-options-de-parrainage","status":"publish","type":"page","link":"https:\/\/pbcw.org.np\/index.php\/fr\/dautres-options-de-parrainage\/","title":{"rendered":"D&#8217;autres Options De Parrainage"},"content":{"rendered":"<p><img loading=\"lazy\" decoding=\"async\" class=\"alignnone size-full wp-image-939\" src=\"https:\/\/pbcw.org.np\/wp-content\/uploads\/2018\/05\/sponsor_child_need.jpg\" alt=\"\" width=\"895\" height=\"327\" srcset=\"https:\/\/pbcw.org.np\/wp-content\/uploads\/2018\/05\/sponsor_child_need.jpg 895w, https:\/\/pbcw.org.np\/wp-content\/uploads\/2018\/05\/sponsor_child_need-300x110.jpg 300w, https:\/\/pbcw.org.np\/wp-content\/uploads\/2018\/05\/sponsor_child_need-768x281.jpg 768w\" sizes=\"auto, (max-width: 895px) 100vw, 895px\" \/><\/p>\n<p>S\u2019il vous est impossible de fournir 1000Euro par an, mais que vous souhaitez tout de m\u00eame parrainer un enfant, il y a d\u2019autres options possibles. Vous pouvez partager les frais avec des membres de votre entourage. Vous pouvez \u00e9galement choisir de parrainer un enfant de notre programme de bourse, en payant seulement ses frais de scolarit\u00e9. Nous sommes persuad\u00e9s que venir en aide \u00e0 un enfant en le parrainant est quelque chose de gratifiant.<\/p>\n<p>Il y a de nombreuses fa\u00e7ons de les aider, la plus petite des contributions peut faire une grande diff\u00e9rence dans leurs vies. Gr\u00e2ce \u00e0 vos dons, nous serons capables de subvenir \u00e0 leurs besoins comme suit\u00a0:<\/p>\n<ol>\n<li><strong><em>Loyer de la maison<\/em><\/strong><\/li>\n<li><strong><em>Charges:<\/em><\/strong><em>eau, gaz, \u00e9lectricit\u00e9\u2026<\/em><\/li>\n<li><strong><em>Nourriture:<\/em><\/strong><em>petit-d\u00e9jeuner, d\u00e9jeuner, diner et gouter<\/em><\/li>\n<li><strong><em>Viande:<\/em><\/strong><em>deux fois par semaine pour chaque enfant<\/em><\/li>\n<li><strong><em>Fruits:<\/em><\/strong><em>fruits de saison (nutritionnellement essentiels)<\/em><\/li>\n<li><strong><em>Literie<\/em><\/strong><\/li>\n<li><strong><em>Uniformes scolaires<\/em><\/strong><\/li>\n<li><strong><em>Cartables et chaussures<\/em><\/strong><\/li>\n<li><strong><em>Fournitures scolaires et livres<\/em><\/strong><\/li>\n<li><strong><em>V\u00eatements:<\/em><\/strong><em>de diff\u00e9rentes tailles<\/em><\/li>\n<li><strong><em>Pique-nique:<\/em><\/strong><em>trois fois par an<\/em><\/li>\n<li><strong><em>F\u00eates d\u2019anniversaire<\/em><\/strong><\/li>\n<li><strong><em>Cin\u00e9ma ou sorties<\/em><\/strong><\/li>\n<li><strong>Cours de danse<\/strong><\/li>\n<li><strong><em>Equipements de musique et de sport<\/em><\/strong><\/li>\n<li><strong><em>Fournitures d\u2019art plastique<\/em><\/strong><\/li>\n<li><strong><em>Livres divers pour les loisirs\u2026<\/em><\/strong><\/li>\n<li><strong><em>Jouets divers:<\/em><\/strong><\/li>\n<\/ol>\n<p>&nbsp;<\/p>\n","protected":false},"excerpt":{"rendered":"<p>S\u2019il vous est impossible de fournir 1000Euro par an, mais que vous souhaitez tout de m\u00eame parrainer un enfant, il y a d\u2019autres options possibles. Vous pouvez partager les frais avec des membres de votre entourage. Vous pouvez \u00e9galement choisir de parrainer un enfant de notre programme de bourse, en payant seulement ses frais de&hellip;<\/p>\n","protected":false},"author":1,"featured_media":0,"parent":0,"menu_order":0,"comment_status":"closed","ping_status":"closed","template":"","meta":{"footnotes":""},"class_list":["post-341","page","type-page","status-publish","hentry"],"_links":{"self":[{"href":"https:\/\/pbcw.org.np\/index.php\/wp-json\/wp\/v2\/pages\/341","targetHints":{"allow":["GET"]}}],"collection":[{"href":"https:\/\/pbcw.org.np\/index.php\/wp-json\/wp\/v2\/pages"}],"about":[{"href":"https:\/\/pbcw.org.np\/index.php\/wp-json\/wp\/v2\/types\/page"}],"author":[{"embeddable":true,"href":"https:\/\/pbcw.org.np\/index.php\/wp-json\/wp\/v2\/users\/1"}],"replies":[{"embeddable":true,"href":"https:\/\/pbcw.org.np\/index.php\/wp-json\/wp\/v2\/comments?post=341"}],"version-history":[{"count":4,"href":"https:\/\/pbcw.org.np\/index.php\/wp-json\/wp\/v2\/pages\/341\/revisions"}],"predecessor-version":[{"id":941,"href":"https:\/\/pbcw.org.np\/index.php\/wp-json\/wp\/v2\/pages\/341\/revisions\/941"}],"wp:attachment":[{"href":"https:\/\/pbcw.org.np\/index.php\/wp-json\/wp\/v2\/media?parent=341"}],"curies":[{"name":"wp","href":"https:\/\/api.w.org\/{rel}","templated":true}]}}