{"id":356,"date":"2018-05-03T09:34:57","date_gmt":"2018-05-03T09:34:57","guid":{"rendered":"http:\/\/pbcw.org.np\/new\/?page_id=356"},"modified":"2018-05-14T02:32:44","modified_gmt":"2018-05-14T02:32:44","slug":"planning-futur","status":"publish","type":"page","link":"https:\/\/pbcw.org.np\/index.php\/fr\/planning-futur\/","title":{"rendered":"Planning Futur"},"content":{"rendered":"<p><img loading=\"lazy\" decoding=\"async\" class=\"alignnone wp-image-922 size-full\" src=\"https:\/\/pbcw.org.np\/wp-content\/uploads\/2018\/05\/future_planning.jpg\" alt=\"\" width=\"1024\" height=\"282\" srcset=\"https:\/\/pbcw.org.np\/wp-content\/uploads\/2018\/05\/future_planning.jpg 1024w, https:\/\/pbcw.org.np\/wp-content\/uploads\/2018\/05\/future_planning-300x83.jpg 300w, https:\/\/pbcw.org.np\/wp-content\/uploads\/2018\/05\/future_planning-768x212.jpg 768w\" sizes=\"auto, (max-width: 1024px) 100vw, 1024px\" \/><\/p>\n<p><strong>Les plans pour l&#8217;ann\u00e9e 2010 et au-del\u00e0: <\/strong><\/p>\n<ul>\n<li class=\"bullet\">PBCW veut ouvrir sa propre \u00e9cole pour enfants.<\/li>\n<li class=\"bullet\">Augmenter le nombre d&#8217;enfants, d\u2019o\u00f9 l&#8217;approche de plus en plus de commanditaires et de donateurs.<\/li>\n<li class=\"bullet\">Apporter divers programmes sp\u00e9ciaux pour les enfants apr\u00e8s l&#8217;\u00e9cole pour leur perfectionnement professionnel.<\/li>\n<li class=\"bullet\">Mettre en place une biblioth\u00e8que \u00e0 PBCW avec des livres pour enfants et d&#8217;autres documents d&#8217;\u00e9tudes afin de parfaire la pratique de la lecture et de l\u2019\u00e9criture.<\/li>\n<li class=\"bullet\">R\u00e9aliser une salle de danse pour offrir des cours de musique et de danse aux enfants. Tr\u00e8s prochainement d\u00e9buteront des cours de musique et d\u2019instruments tels que guitare, Congo, Madal (tambour typiquement n\u00e9palais) etc.<\/li>\n<li class=\"bullet\">D\u00e9but de travaux de botanique. Un peu de terrain sera lou\u00e9 pour que les enfants apprennent la culture et la reproduction v\u00e9g\u00e9tale et son importance gr\u00e2ce particuli\u00e8rement \u00e0 l&#8217;enseignement de sp\u00e9cialistes.<\/li>\n<li class=\"bullet\">D\u00e9but des cours de karat\u00e9 et de diff\u00e9rents sports.<\/li>\n<li class=\"bullet\">Les enfants pourront pratiquer diff\u00e9rents arts dans l&#8217;enceinte du nouveau b\u00e2timent avec l&#8217;aide de professionnels.<\/li>\n<li class=\"bullet\">Mettre en place une salle de jeux avec le mat\u00e9riel n\u00e9cessaire pour les enfants.<\/li>\n<li class=\"bullet\">Organiser beaucoup de spectacles culturels de bienfaisance \u00e0 l\u2019int\u00e9rieur et \u00e0 l&#8217;ext\u00e9rieur du N\u00e9pal en donnant aux enfants une plus haute priorit\u00e9.<\/li>\n<li class=\"bullet\">Encourager et motiver des groupes de jeunes pour soutenir les enfants.<\/li>\n<li class=\"bullet\">Elaborer un syst\u00e8me pour soutenir les enfants malades ou d\u00e9munis.<\/li>\n<li class=\"bullet\">Pr\u00e9voit d&#8217;organiser de concerts de musique en France pour les fonds \u00e0 l&#8217;enfance PBCW&#8217;s.<\/li>\n<\/ul>\n","protected":false},"excerpt":{"rendered":"<p>Les plans pour l&#8217;ann\u00e9e 2010 et au-del\u00e0: PBCW veut ouvrir sa propre \u00e9cole pour enfants. Augmenter le nombre d&#8217;enfants, d\u2019o\u00f9 l&#8217;approche de plus en plus de commanditaires et de donateurs. Apporter divers programmes sp\u00e9ciaux pour les enfants apr\u00e8s l&#8217;\u00e9cole pour leur perfectionnement professionnel. Mettre en place une biblioth\u00e8que \u00e0 PBCW avec des livres pour enfants&hellip;<\/p>\n","protected":false},"author":1,"featured_media":0,"parent":0,"menu_order":0,"comment_status":"closed","ping_status":"closed","template":"","meta":{"footnotes":""},"class_list":["post-356","page","type-page","status-publish","hentry"],"_links":{"self":[{"href":"https:\/\/pbcw.org.np\/index.php\/wp-json\/wp\/v2\/pages\/356","targetHints":{"allow":["GET"]}}],"collection":[{"href":"https:\/\/pbcw.org.np\/index.php\/wp-json\/wp\/v2\/pages"}],"about":[{"href":"https:\/\/pbcw.org.np\/index.php\/wp-json\/wp\/v2\/types\/page"}],"author":[{"embeddable":true,"href":"https:\/\/pbcw.org.np\/index.php\/wp-json\/wp\/v2\/users\/1"}],"replies":[{"embeddable":true,"href":"https:\/\/pbcw.org.np\/index.php\/wp-json\/wp\/v2\/comments?post=356"}],"version-history":[{"count":2,"href":"https:\/\/pbcw.org.np\/index.php\/wp-json\/wp\/v2\/pages\/356\/revisions"}],"predecessor-version":[{"id":924,"href":"https:\/\/pbcw.org.np\/index.php\/wp-json\/wp\/v2\/pages\/356\/revisions\/924"}],"wp:attachment":[{"href":"https:\/\/pbcw.org.np\/index.php\/wp-json\/wp\/v2\/media?parent=356"}],"curies":[{"name":"wp","href":"https:\/\/api.w.org\/{rel}","templated":true}]}}